{"id":2,"date":"2025-05-29T21:25:50","date_gmt":"2025-05-29T20:25:50","guid":{"rendered":"http:\/\/certificanova.com\/?page_id=2"},"modified":"2025-06-04T17:15:06","modified_gmt":"2025-06-04T22:15:06","slug":"sample-page","status":"publish","type":"page","link":"https:\/\/certificanova.com\/index.php\/sample-page\/","title":{"rendered":"Nosotros"},"content":{"rendered":"\n<p><strong>CertificaNova S.A.S.<\/strong> es una empresa dedicada al desarrollo del talento humano a trav\u00e9s de procesos formativos de alta calidad. Contamos con un equipo de instructores certificados, expertos en sus \u00e1reas y con amplia experiencia en formaci\u00f3n por competencias.<\/p>\n\n\n\n<blockquote class=\"wp-block-quote is-layout-flow wp-block-quote-is-layout-flow\">\n<p><strong>Misi\u00f3n:<\/strong><br>Contribuir al crecimiento profesional de personas y organizaciones mediante capacitaciones innovadoras y pertinentes.<\/p>\n\n\n\n<p><strong>Visi\u00f3n:<\/strong><br>Ser reconocidos a nivel nacional como un referente en formaci\u00f3n continua y certificaci\u00f3n de competencias laborales.<\/p>\n<\/blockquote>\n","protected":false},"excerpt":{"rendered":"<p>CertificaNova S.A.S. es una empresa dedicada al desarrollo del talento [&hellip;]<\/p>\n","protected":false},"author":1,"featured_media":0,"parent":0,"menu_order":0,"comment_status":"closed","ping_status":"open","template":"","meta":{"footnotes":""},"class_list":["post-2","page","type-page","status-publish","hentry"],"_links":{"self":[{"href":"https:\/\/certificanova.com\/index.php\/wp-json\/wp\/v2\/pages\/2","targetHints":{"allow":["GET"]}}],"collection":[{"href":"https:\/\/certificanova.com\/index.php\/wp-json\/wp\/v2\/pages"}],"about":[{"href":"https:\/\/certificanova.com\/index.php\/wp-json\/wp\/v2\/types\/page"}],"author":[{"embeddable":true,"href":"https:\/\/certificanova.com\/index.php\/wp-json\/wp\/v2\/users\/1"}],"replies":[{"embeddable":true,"href":"https:\/\/certificanova.com\/index.php\/wp-json\/wp\/v2\/comments?post=2"}],"version-history":[{"count":1,"href":"https:\/\/certificanova.com\/index.php\/wp-json\/wp\/v2\/pages\/2\/revisions"}],"predecessor-version":[{"id":14,"href":"https:\/\/certificanova.com\/index.php\/wp-json\/wp\/v2\/pages\/2\/revisions\/14"}],"wp:attachment":[{"href":"https:\/\/certificanova.com\/index.php\/wp-json\/wp\/v2\/media?parent=2"}],"curies":[{"name":"wp","href":"https:\/\/api.w.org\/{rel}","templated":true}]}}